{"id":505,"date":"2015-11-27T12:57:25","date_gmt":"2015-11-27T12:57:25","guid":{"rendered":"http:\/\/hidromaster.app:8000\/servicos\/deteccao-e-localizacao-de-fugas-de-agua\/"},"modified":"2016-01-25T16:48:30","modified_gmt":"2016-01-25T16:48:30","slug":"water-leak-detection-and-location","status":"publish","type":"page","link":"https:\/\/servicos.hidromaster.com\/en\/services\/water-leak-detection-and-location\/","title":{"rendered":"Water Leak Detection and Location"},"content":{"rendered":"<h4>Equipamento:<\/h4>\n<p>A Hidromaster apoia-se nos mais modernos equipamentos de dete\u00e7\u00e3o, monitoriza\u00e7\u00e3o e localiza\u00e7\u00e3o de fugas de \u00e1gua, permitindo a sua repara\u00e7\u00e3o c\u00e9lere e sem necessidade de danificar paredes ou pavimentos.<\/p>\n","protected":false},"excerpt":{"rendered":"<p>Equipamento: A Hidromaster apoia-se nos mais modernos equipamentos de dete\u00e7\u00e3o, monitoriza\u00e7\u00e3o e localiza\u00e7\u00e3o de fugas de \u00e1gua, permitindo a sua repara\u00e7\u00e3o c\u00e9lere e sem necessidade de danificar paredes ou pavimentos.<\/p>\n","protected":false},"author":2,"featured_media":0,"parent":503,"menu_order":0,"comment_status":"closed","ping_status":"closed","template":"","meta":{"footnotes":""},"acf":[],"_links":{"self":[{"href":"https:\/\/servicos.hidromaster.com\/en\/wp-json\/wp\/v2\/pages\/505"}],"collection":[{"href":"https:\/\/servicos.hidromaster.com\/en\/wp-json\/wp\/v2\/pages"}],"about":[{"href":"https:\/\/servicos.hidromaster.com\/en\/wp-json\/wp\/v2\/types\/page"}],"author":[{"embeddable":true,"href":"https:\/\/servicos.hidromaster.com\/en\/wp-json\/wp\/v2\/users\/2"}],"replies":[{"embeddable":true,"href":"https:\/\/servicos.hidromaster.com\/en\/wp-json\/wp\/v2\/comments?post=505"}],"version-history":[{"count":1,"href":"https:\/\/servicos.hidromaster.com\/en\/wp-json\/wp\/v2\/pages\/505\/revisions"}],"predecessor-version":[{"id":560,"href":"https:\/\/servicos.hidromaster.com\/en\/wp-json\/wp\/v2\/pages\/505\/revisions\/560"}],"up":[{"embeddable":true,"href":"https:\/\/servicos.hidromaster.com\/en\/wp-json\/wp\/v2\/pages\/503"}],"wp:attachment":[{"href":"https:\/\/servicos.hidromaster.com\/en\/wp-json\/wp\/v2\/media?parent=505"}],"curies":[{"name":"wp","href":"https:\/\/api.w.org\/{rel}","templated":true}]}}