{"id":510,"date":"2016-01-21T15:08:45","date_gmt":"2016-01-21T15:08:45","guid":{"rendered":"http:\/\/hidromaster.app:8000\/servicos\/inspeccao-video\/inspecao-video-seguranca\/"},"modified":"2016-01-25T16:50:42","modified_gmt":"2016-01-25T16:50:42","slug":"video-inspection-security","status":"publish","type":"page","link":"https:\/\/servicos.hidromaster.com\/en\/services\/video-inspection\/video-inspection-security\/","title":{"rendered":"Video Inspection &#8211; Security"},"content":{"rendered":"<h4>Equipamento:<\/h4>\n<ul>\n<li>Trip\u00e9 de sustenta\u00e7\u00e3o;<\/li>\n<li>Transporte e seguran\u00e7a de pessoas e materiais;<\/li>\n<li>Capacidade de transporte: at\u00e9 250kgs;<\/li>\n<li>Detector port\u00e1til multi-g\u00e1s;<\/li>\n<li>Oxig\u00e9nio, mon\u00f3xido de carbono, gases inflam\u00e1veis, g\u00e1s sulfor\u00eddrico.<\/li>\n<\/ul>\n","protected":false},"excerpt":{"rendered":"<p>Equipamento: Trip\u00e9 de sustenta\u00e7\u00e3o; Transporte e seguran\u00e7a de pessoas e materiais; Capacidade de transporte: at\u00e9 250kgs; Detector port\u00e1til multi-g\u00e1s; Oxig\u00e9nio, mon\u00f3xido de carbono, gases inflam\u00e1veis, g\u00e1s sulfor\u00eddrico.<\/p>\n","protected":false},"author":2,"featured_media":0,"parent":506,"menu_order":0,"comment_status":"closed","ping_status":"closed","template":"","meta":{"footnotes":""},"acf":[],"_links":{"self":[{"href":"https:\/\/servicos.hidromaster.com\/en\/wp-json\/wp\/v2\/pages\/510"}],"collection":[{"href":"https:\/\/servicos.hidromaster.com\/en\/wp-json\/wp\/v2\/pages"}],"about":[{"href":"https:\/\/servicos.hidromaster.com\/en\/wp-json\/wp\/v2\/types\/page"}],"author":[{"embeddable":true,"href":"https:\/\/servicos.hidromaster.com\/en\/wp-json\/wp\/v2\/users\/2"}],"replies":[{"embeddable":true,"href":"https:\/\/servicos.hidromaster.com\/en\/wp-json\/wp\/v2\/comments?post=510"}],"version-history":[{"count":2,"href":"https:\/\/servicos.hidromaster.com\/en\/wp-json\/wp\/v2\/pages\/510\/revisions"}],"predecessor-version":[{"id":565,"href":"https:\/\/servicos.hidromaster.com\/en\/wp-json\/wp\/v2\/pages\/510\/revisions\/565"}],"up":[{"embeddable":true,"href":"https:\/\/servicos.hidromaster.com\/en\/wp-json\/wp\/v2\/pages\/506"}],"wp:attachment":[{"href":"https:\/\/servicos.hidromaster.com\/en\/wp-json\/wp\/v2\/media?parent=510"}],"curies":[{"name":"wp","href":"https:\/\/api.w.org\/{rel}","templated":true}]}}