{"id":511,"date":"2015-11-27T12:57:54","date_gmt":"2015-11-27T12:57:54","guid":{"rendered":"http:\/\/hidromaster.app:8000\/servicos\/limpeza-de-colectores\/"},"modified":"2016-01-25T16:50:57","modified_gmt":"2016-01-25T16:50:57","slug":"cleaning-collectors","status":"publish","type":"page","link":"https:\/\/servicos.hidromaster.com\/en\/services\/cleaning-collectors\/","title":{"rendered":"Cleaning collectors"},"content":{"rendered":"<h4>Limpeza de coletores:<\/h4>\n<ul>\n<li>Desobstru\u00e7\u00e3o de redes de saneamento, \u00e1guas pluviais, lavagens, decapagens;<\/li>\n<li>Limpeza de coletores em setores como a constru\u00e7\u00e3o civil, ind\u00fastria naval, ind\u00fastria alimentar, for\u00e7as militares, etc.<\/li>\n<\/ul>\n<h4>Equipamento:<\/h4>\n<ul>\n<li>Viaturas combinadas com reciclagem de \u00e1gua que permitem rentabilizar os custos e melhoram o rendimento. A reutiliza\u00e7\u00e3o da \u00e1gua reduz o n\u00famero de abastecimentos e descargas, o que constitui uma economia de \u00e1gua, combust\u00edvel e tempo;<\/li>\n<li>Sistema de alta press\u00e3o e suc\u00e7\u00e3o a v\u00e1cuo de elevado d\u00e9bito capaz de executar com efic\u00e1cia os trabalhos mais exigentes.<\/li>\n<\/ul>\n<p>Aposte numa estrat\u00e9gia de manuten\u00e7\u00e3o preventiva de coletores e evite preju\u00edzos avultados.<\/p>\n","protected":false},"excerpt":{"rendered":"<p>Limpeza de coletores: Desobstru\u00e7\u00e3o de redes de saneamento, \u00e1guas pluviais, lavagens, decapagens; Limpeza de coletores em setores como a constru\u00e7\u00e3o civil, ind\u00fastria naval, ind\u00fastria alimentar, for\u00e7as militares, etc. Equipamento: Viaturas combinadas com reciclagem de \u00e1gua que permitem rentabilizar os custos e melhoram o rendimento. A reutiliza\u00e7\u00e3o da \u00e1gua reduz o n\u00famero de abastecimentos e descargas, [&hellip;]<\/p>\n","protected":false},"author":2,"featured_media":0,"parent":503,"menu_order":1,"comment_status":"closed","ping_status":"closed","template":"","meta":{"footnotes":""},"acf":[],"_links":{"self":[{"href":"https:\/\/servicos.hidromaster.com\/en\/wp-json\/wp\/v2\/pages\/511"}],"collection":[{"href":"https:\/\/servicos.hidromaster.com\/en\/wp-json\/wp\/v2\/pages"}],"about":[{"href":"https:\/\/servicos.hidromaster.com\/en\/wp-json\/wp\/v2\/types\/page"}],"author":[{"embeddable":true,"href":"https:\/\/servicos.hidromaster.com\/en\/wp-json\/wp\/v2\/users\/2"}],"replies":[{"embeddable":true,"href":"https:\/\/servicos.hidromaster.com\/en\/wp-json\/wp\/v2\/comments?post=511"}],"version-history":[{"count":1,"href":"https:\/\/servicos.hidromaster.com\/en\/wp-json\/wp\/v2\/pages\/511\/revisions"}],"predecessor-version":[{"id":566,"href":"https:\/\/servicos.hidromaster.com\/en\/wp-json\/wp\/v2\/pages\/511\/revisions\/566"}],"up":[{"embeddable":true,"href":"https:\/\/servicos.hidromaster.com\/en\/wp-json\/wp\/v2\/pages\/503"}],"wp:attachment":[{"href":"https:\/\/servicos.hidromaster.com\/en\/wp-json\/wp\/v2\/media?parent=511"}],"curies":[{"name":"wp","href":"https:\/\/api.w.org\/{rel}","templated":true}]}}