{"id":514,"date":"2016-01-21T16:51:04","date_gmt":"2016-01-21T16:51:04","guid":{"rendered":"http:\/\/hidromaster.app:8000\/servicos\/reabilitacao-de-tubagens\/reabilitacao-de-tubagens-epros-lining\/"},"modified":"2016-01-25T16:51:50","modified_gmt":"2016-01-25T16:51:50","slug":"pipelines-rehabilitation-epros-lining","status":"publish","type":"page","link":"https:\/\/servicos.hidromaster.com\/en\/services\/pipelines-rehabilitation\/pipelines-rehabilitation-epros-lining\/","title":{"rendered":"Pipelines Rehabilitation &#8211; EPROS LINING"},"content":{"rendered":"<h4>M\u00e9todo:<\/h4>\n<p>O servi\u00e7o de reabilita\u00e7\u00e3o LINING utiliza uma unidade de invers\u00e3o Epros. Sem que ruas necessitem de ser reconstru\u00eddas, o tr\u00e2nsito interrompido e as pessoas afetadas no seu bemestar, o m\u00e9todo LINING oferece grande flexibilidade, resist\u00eancia e materiais com longa durabilidade, apresentando-se como altamente eficaz e amigo do ambiente.<\/p>\n<p>Realizado entre caixas de visita ou atrav\u00e9s de outro ponto de acesso, reabilitamos condutas sem abertura de vala em localiza\u00e7\u00f5es de grandes dist\u00e2ncias.<\/p>\n<h4>Aplica\u00e7\u00f5es:<\/h4>\n<ul>\n<li>Repara\u00e7\u00e3o de fissuras, roturas;<\/li>\n<li>Impermeabiliza\u00e7\u00e3o de juntas de liga\u00e7\u00e3o;<\/li>\n<li>Repara\u00e7\u00e3o de infiltra\u00e7\u00e3o de \u00e1guas ou fluentes.<\/li>\n<\/ul>\n<h4>Vantagens:<\/h4>\n<ul>\n<li>Redu\u00e7\u00e3o de custos;<\/li>\n<li>Minimiza\u00e7\u00e3o do impacto ambiental e paisag\u00edstico;<\/li>\n<li>Normal circula\u00e7\u00e3o do tr\u00e2nsito;<\/li>\n<li>Minimiza\u00e7\u00e3o de avarias em outras infra-estruturas existentes no local;<\/li>\n<li>Diminui\u00e7\u00e3o dos trabalhos de manuten\u00e7\u00e3o.<\/li>\n<\/ul>\n","protected":false},"excerpt":{"rendered":"<p>M\u00e9todo: O servi\u00e7o de reabilita\u00e7\u00e3o LINING utiliza uma unidade de invers\u00e3o Epros. Sem que ruas necessitem de ser reconstru\u00eddas, o tr\u00e2nsito interrompido e as pessoas afetadas no seu bemestar, o m\u00e9todo LINING oferece grande flexibilidade, resist\u00eancia e materiais com longa durabilidade, apresentando-se como altamente eficaz e amigo do ambiente. Realizado entre caixas de visita ou [&hellip;]<\/p>\n","protected":false},"author":2,"featured_media":0,"parent":512,"menu_order":0,"comment_status":"closed","ping_status":"closed","template":"","meta":{"footnotes":""},"acf":[],"_links":{"self":[{"href":"https:\/\/servicos.hidromaster.com\/en\/wp-json\/wp\/v2\/pages\/514"}],"collection":[{"href":"https:\/\/servicos.hidromaster.com\/en\/wp-json\/wp\/v2\/pages"}],"about":[{"href":"https:\/\/servicos.hidromaster.com\/en\/wp-json\/wp\/v2\/types\/page"}],"author":[{"embeddable":true,"href":"https:\/\/servicos.hidromaster.com\/en\/wp-json\/wp\/v2\/users\/2"}],"replies":[{"embeddable":true,"href":"https:\/\/servicos.hidromaster.com\/en\/wp-json\/wp\/v2\/comments?post=514"}],"version-history":[{"count":1,"href":"https:\/\/servicos.hidromaster.com\/en\/wp-json\/wp\/v2\/pages\/514\/revisions"}],"predecessor-version":[{"id":568,"href":"https:\/\/servicos.hidromaster.com\/en\/wp-json\/wp\/v2\/pages\/514\/revisions\/568"}],"up":[{"embeddable":true,"href":"https:\/\/servicos.hidromaster.com\/en\/wp-json\/wp\/v2\/pages\/512"}],"wp:attachment":[{"href":"https:\/\/servicos.hidromaster.com\/en\/wp-json\/wp\/v2\/media?parent=514"}],"curies":[{"name":"wp","href":"https:\/\/api.w.org\/{rel}","templated":true}]}}